{"id":2252,"date":"2021-04-27T23:16:34","date_gmt":"2021-04-28T02:16:34","guid":{"rendered":"https:\/\/isfdyt93-bue.infd.edu.ar\/sitio\/?page_id=2252"},"modified":"2025-12-17T10:43:51","modified_gmt":"2025-12-17T13:43:51","slug":"comunicaciones","status":"publish","type":"page","link":"https:\/\/isfdyt93-bue.infd.edu.ar\/sitio\/comunicaciones\/","title":{"rendered":"PREGUNTAS FRECUENTES"},"content":{"rendered":"<h1>C\u00f3mo comunicar correctamente:<\/h1>\n<p>La paciencia es una virtud que hay que cultivar \ud83d\ude42 (a veces hay que esperar un poco para recibir la respuesta adecuada), por otra parte tambi\u00e9n hay que tener en cuenta que todos se comunican virtualmente y seguramente los profes, los preceptores y los facilitadores tienen muchas consultas diarias y correos para responder, as\u00ed que hay tener paciencia y aguardar la respuesta.<\/p>\n<p>Cada consulta que realicen a la instituci\u00f3n deber\u00eda estar redactada en modo ameno, con un lenguaje entendible y se debe consultar claramente redactando toda la situaci\u00f3n para poder realizar correctamente el acercamiento a la misma.<\/p>\n<p><u>Por otro lado, les sugerimos tener en cuenta el orden de prioridad de la consulta<\/u><\/p>\n<ul>\n<li>Si la consulta es a la instituci\u00f3n por alguna cuesti\u00f3n <strong>administrativa<\/strong>, se debe realizar en la Preceptor\u00eda.<\/li>\n<li>Si es pedag\u00f3gica, o si es en referencia a una c\u00e1tedra en particular y se puede resolver <strong>con el profesor<\/strong>, se debe realizar en primera instancia al profe de cada materia.<\/li>\n<li>Si la consulta se hace desde el campus virtual, se debe tener la precauci\u00f3n de consultar DESDE la materia en cuesti\u00f3n y no desde otra materia, cada espacio tiene mensajer\u00eda interna y los mensajes quedar\u00e1n visibles para los profesores y administradores de las aulas.<\/li>\n<li>Si van a dirigirse a los facilitadores, no incluyan solo un facilitador, sino a todos, para que cualquiera pueda responder a la consulta (as\u00ed se puede trabajar m\u00e1s r\u00e1pido).<\/li>\n<\/ul>\n<p><strong>Sugerencias:<\/strong><\/p>\n<h4>Al efectuar una consulta no te olvides de anteponer siempre TU NOMBRE y APELLIDO, DNI, Curso al que perteneces y CARRERA.. luego de ello, tu consulta..<\/h4>\n<p>y en el &#8216;ASUNTO&#8217; aclarar TU CARRERA<\/p>\n<ul>\n<li>el primer contacto por una materia, debe ser con el profesor.<\/li>\n<li>Luego consultas en preceptor\u00eda (<strong>preceptoriainstitutosuperior93@gmail.com<\/strong>) y los preceptores derivar\u00e1n tu consulta a quien corresponda.<\/li>\n<li>En el caso de enfermer\u00eda, el mail es: (<strong>preceptoria.enfermeria.isft93@gmail.com<\/strong>)<\/li>\n<\/ul>\n<h4><\/h4>\n<h1>\u00bfCOMO DEPOSITO EN COOPERADORA?<\/h1>\n<p>Datos de Cooperadora:<\/p>\n<h2>CBU : 01400410 01701900433794 CUIT 30-69304026-0<\/h2>\n<p>El pago de la cooperadora es exclusivamente <strong>por transferencia<\/strong>, durante el proceso de inscripci\u00f3n o reinscripci\u00f3n.<\/p>\n<h2>alias: inst.sup.93<\/h2>\n","protected":false},"excerpt":{"rendered":"<p>C\u00f3mo comunicar correctamente: La paciencia es una virtud que hay que cultivar \ud83d\ude42 (a veces hay que esperar un poco para recibir la respuesta adecuada), por otra parte tambi\u00e9n hay que tener en cuenta que todos se comunican virtualmente y seguramente los profes, los preceptores y los facilitadores tienen muchas consultas diarias y correos para &#8230; <a title=\"PREGUNTAS FRECUENTES\" class=\"read-more\" href=\"https:\/\/isfdyt93-bue.infd.edu.ar\/sitio\/comunicaciones\/\" aria-label=\"More on PREGUNTAS FRECUENTES\">[+]<\/a><\/p>\n","protected":false},"author":10,"featured_media":0,"parent":0,"menu_order":0,"comment_status":"closed","ping_status":"closed","template":"","meta":[],"acf":[],"_links":{"self":[{"href":"https:\/\/isfdyt93-bue.infd.edu.ar\/sitio\/wp-json\/wp\/v2\/pages\/2252"}],"collection":[{"href":"https:\/\/isfdyt93-bue.infd.edu.ar\/sitio\/wp-json\/wp\/v2\/pages"}],"about":[{"href":"https:\/\/isfdyt93-bue.infd.edu.ar\/sitio\/wp-json\/wp\/v2\/types\/page"}],"author":[{"embeddable":true,"href":"https:\/\/isfdyt93-bue.infd.edu.ar\/sitio\/wp-json\/wp\/v2\/users\/10"}],"replies":[{"embeddable":true,"href":"https:\/\/isfdyt93-bue.infd.edu.ar\/sitio\/wp-json\/wp\/v2\/comments?post=2252"}],"version-history":[{"count":20,"href":"https:\/\/isfdyt93-bue.infd.edu.ar\/sitio\/wp-json\/wp\/v2\/pages\/2252\/revisions"}],"predecessor-version":[{"id":3605,"href":"https:\/\/isfdyt93-bue.infd.edu.ar\/sitio\/wp-json\/wp\/v2\/pages\/2252\/revisions\/3605"}],"wp:attachment":[{"href":"https:\/\/isfdyt93-bue.infd.edu.ar\/sitio\/wp-json\/wp\/v2\/media?parent=2252"}],"curies":[{"name":"wp","href":"https:\/\/api.w.org\/{rel}","templated":true}]}}