{"id":2678,"date":"2023-02-15T20:53:44","date_gmt":"2023-02-15T23:53:44","guid":{"rendered":"https:\/\/isfdyt93-bue.infd.edu.ar\/sitio\/?page_id=2678"},"modified":"2025-12-01T20:27:02","modified_gmt":"2025-12-01T23:27:02","slug":"consejo-academico-institucional","status":"publish","type":"page","link":"https:\/\/isfdyt93-bue.infd.edu.ar\/sitio\/consejo-academico-institucional\/","title":{"rendered":"CONSEJO ACAD\u00c9MICO INSTITUCIONAL"},"content":{"rendered":"\n<p><strong>Consejo Acad\u00e9mico Institucional \u2013 Libro de Actas Folio 80 \u2013 13\/10\/22<\/strong><\/p>\n\n\n\n<p><strong>Funciones<\/strong><\/p>\n\n\n\n<p>Intervenir en cuestiones vinculadas a la organizaci\u00f3n institucional, presupuestaria, tratamiento de planta org\u00e1nico-funcional, gesti\u00f3n-curricular, proyectos de articulaci\u00f3n, extensi\u00f3n e investigaci\u00f3n, concursos docentes, convivencia y trayectorias estudiantiles.<\/p>\n\n\n\n<p>El accionar del Consejo Acad\u00e9mico Institucional, deber\u00e1 ajustarse al marco normativo vigente.<\/p>\n\n\n\n<p>Ver Res:<\/p>\n\n\n\n<p><a href=\"http:\/\/servicios.abc.gov.ar\/lainstitucion\/sistemaeducativo\/educsuperiorycapeducativa\/normativas\/documentos\/res_4044cai.pdf\">RESOLUCION 4044 CONSEJO ACAD\u00c9MICO INSTITUCIONAL<\/a><\/p>\n\n\n\n<p>Ser\u00e1 responsabilidad del Consejo Acad\u00e9mico Institucional:<\/p>\n\n\n\n<ul>\n<li>Organizacional:<ul><li>La elaboraci\u00f3n o modificaci\u00f3n del R\u00e9gimen de Convivencia Institucional.<\/li><\/ul><ul><li>La definici\u00f3n del R\u00e9gimen Acad\u00e9mico Marco, seg\u00fan las caracter\u00edsticas institucionales y regionales.<\/li><\/ul>\n<ul>\n<li>la elaboraci\u00f3n, debate y aprobaci\u00f3n de propuestas que conlleven a una mejor organizaci\u00f3n de tiempos, espacios y agrupamientos institucionales.<\/li>\n<\/ul>\n<\/li>\n\n\n\n<li>Curricular<ul><li>El ajuste y seguimiento din\u00e1mico del Plan de Evaluaci\u00f3n de los Aprendizajes, seg\u00fan los acuerdos establecidos en el Consejo Regional, en el marco de la normativa vigente.<\/li><\/ul><ul><li>La elaboraci\u00f3n, debate y propuesta de l\u00edneas y acciones de extensi\u00f3n e investigaci\u00f3n, con aval de la Direcci\u00f3n de Educaci\u00f3n Superior<\/li><\/ul><ul><li>La presentaci\u00f3n de propuestas institucionales de formaci\u00f3n docente continua para&nbsp; docentes a trav\u00e9s de distintas modalidades \u2013 seminarios, talleres, ateneos, cine-debate, entre otras.<\/li><\/ul>\n<ul>\n<li>La elaboraci\u00f3n, debate y aprobaci\u00f3n de propuestas de decisi\u00f3n institucional sobre gesti\u00f3n curricular, en concordancia con las definiciones de los dise\u00f1os vigentes.<\/li>\n<\/ul>\n<\/li>\n\n\n\n<li>Trayectorias Estudiantiles<ul><li>el sistema de reconocimiento de trayectorias estudiantiles, estableciendo un sistema de cr\u00e9ditos que ameriten la participaci\u00f3n en programas de extensi\u00f3n e investigaci\u00f3n, participaci\u00f3n en seminarios y otros, en el marco de las normativas vigentes.<\/li><\/ul>\n<ul>\n<li>las acciones de acompa\u00f1amiento a los aspirantes a ingreso y estudiantes de primer a\u00f1o, con el prop\u00f3sito de posicionar al estudiante en el Nivel de Educaci\u00f3n Superior como sujeto pol\u00edtico y pedag\u00f3gico.<br><br><\/li>\n<\/ul>\n<\/li>\n\n\n\n<li><strong><mark style=\"background-color:rgba(0, 0, 0, 0)\" class=\"has-inline-color has-contrast-color\">Centro de Estudiantes<\/mark><\/strong><\/li>\n\n\n\n<li>Fines ART\u00cdCULO 1\u00b0: Los Centros de Estudiantes perseguir\u00e1n los siguientes fines:<\/li>\n\n\n\n<li>\u00a0a. Defender y asegurar el pleno ejercicio de los derechos estudiantiles creando un \u00e1mbito de acci\u00f3n.<\/li>\n\n\n\n<li>b. Participar en las soluciones a las problem\u00e1ticas estudiantiles.<\/li>\n\n\n\n<li>c. Fomentar el debate, la participaci\u00f3n y el esp\u00edritu cr\u00edtico.<\/li>\n\n\n\n<li>d. Velar la tarea acad\u00e9mica y administrativa de las instituciones educativas.<\/li>\n<\/ul>\n\n\n\n<figure class=\"wp-block-image size-full is-resized\"><img decoding=\"async\" loading=\"lazy\" src=\"https:\/\/isfdyt93-bue.infd.edu.ar\/sitio\/wp-content\/uploads\/2025\/12\/CAI_2026-1.jpg\" alt=\"\" class=\"wp-image-3591\" width=\"718\" height=\"734\"\/><\/figure>\n\n\n\n<p><\/p>\n\n\n\n<p><\/p>\n\n\n\n<ul>\n<li><\/li>\n<\/ul>\n","protected":false},"excerpt":{"rendered":"<p>Consejo Acad\u00e9mico Institucional \u2013 Libro de Actas Folio 80 \u2013 13\/10\/22 Funciones Intervenir en cuestiones vinculadas a la organizaci\u00f3n institucional, presupuestaria, tratamiento de planta org\u00e1nico-funcional, gesti\u00f3n-curricular, proyectos de articulaci\u00f3n, extensi\u00f3n e investigaci\u00f3n, concursos docentes, convivencia y trayectorias estudiantiles. El accionar del Consejo Acad\u00e9mico Institucional, deber\u00e1 ajustarse al marco normativo vigente. Ver Res: RESOLUCION 4044 CONSEJO &#8230; <a title=\"CONSEJO ACAD\u00c9MICO INSTITUCIONAL\" class=\"read-more\" href=\"https:\/\/isfdyt93-bue.infd.edu.ar\/sitio\/consejo-academico-institucional\/\" aria-label=\"More on CONSEJO ACAD\u00c9MICO INSTITUCIONAL\">[+]<\/a><\/p>\n","protected":false},"author":10,"featured_media":0,"parent":0,"menu_order":0,"comment_status":"closed","ping_status":"closed","template":"","meta":[],"acf":[],"_links":{"self":[{"href":"https:\/\/isfdyt93-bue.infd.edu.ar\/sitio\/wp-json\/wp\/v2\/pages\/2678"}],"collection":[{"href":"https:\/\/isfdyt93-bue.infd.edu.ar\/sitio\/wp-json\/wp\/v2\/pages"}],"about":[{"href":"https:\/\/isfdyt93-bue.infd.edu.ar\/sitio\/wp-json\/wp\/v2\/types\/page"}],"author":[{"embeddable":true,"href":"https:\/\/isfdyt93-bue.infd.edu.ar\/sitio\/wp-json\/wp\/v2\/users\/10"}],"replies":[{"embeddable":true,"href":"https:\/\/isfdyt93-bue.infd.edu.ar\/sitio\/wp-json\/wp\/v2\/comments?post=2678"}],"version-history":[{"count":6,"href":"https:\/\/isfdyt93-bue.infd.edu.ar\/sitio\/wp-json\/wp\/v2\/pages\/2678\/revisions"}],"predecessor-version":[{"id":3592,"href":"https:\/\/isfdyt93-bue.infd.edu.ar\/sitio\/wp-json\/wp\/v2\/pages\/2678\/revisions\/3592"}],"wp:attachment":[{"href":"https:\/\/isfdyt93-bue.infd.edu.ar\/sitio\/wp-json\/wp\/v2\/media?parent=2678"}],"curies":[{"name":"wp","href":"https:\/\/api.w.org\/{rel}","templated":true}]}}