{"id":3033,"date":"2024-04-08T19:12:23","date_gmt":"2024-04-08T22:12:23","guid":{"rendered":"https:\/\/isfdyt93-bue.infd.edu.ar\/sitio\/?page_id=3033"},"modified":"2026-05-04T19:12:23","modified_gmt":"2026-05-04T22:12:23","slug":"exclusivo-enfermeria","status":"publish","type":"page","link":"https:\/\/isfdyt93-bue.infd.edu.ar\/sitio\/exclusivo-enfermeria\/","title":{"rendered":"Enfermer\u00eda"},"content":{"rendered":"\n<p>Verifica si ya est\u00e1 listo tu t\u00edtulo, solo con tu DNI <strong>haciendo click <a href=\"http:\/\/servicios.abc.gov.ar\/servicios\/buscadores\/estados.de.titulos\/\">aqui<\/a><\/strong>, <br>Si el sistema te indica que est\u00e1 listo el tr\u00e1mite:<a href=\"https:\/\/forms.gle\/gWHoiBJwUVEQcqrRA\"> DEJA TUS DATOS PARA TRAMITAR TU TITULO<\/a>,<br>y acercate al instituto.<\/p>\n\n\n\n<p><strong>Registro de T\u00edtulos y Legalizaciones<\/strong>: Calle 13 N\u00b0 1166, entre 56 y 57, La Plata, Provincia de&nbsp; Buenos Aires. Tel. (0221) 429 7600 int. 87621 o int. 87641 -Horario de atenci\u00f3n al P\u00fablico: de 8:30 a 13:30 hs. con extensi\u00f3n hasta las 17 hs, todos los d\u00edas h\u00e1biles del a\u00f1o.<\/p>\n\n\n\n<p><a href=\"https:\/\/www.gba.gob.ar\/saludprovincia\/tr%C3%A1mites_y_habilitaciones\/matriculaci%C3%B3n_rup\" target=\"_blank\" rel=\"noreferrer noopener\">MATRICULA PROVINCIAL<\/a><\/p>\n\n\n\n<p><a rel=\"noreferrer noopener\" href=\"https:\/\/www.argentina.gob.ar\/servicio\/sacar-la-matricula-de-profesional-de-la-salud-con-diploma-en-soporte-papel-y-digital\" target=\"_blank\">MATRICULA NACIONAL<\/a><\/p>\n\n\n\n<p><a href=\"https:\/\/www.argentina.gob.ar\/servicio\/solicitar-certificado-de-etica-profesional\">CERTIFICADO DE \u00c9TICA PROFESIONAL<\/a><\/p>\n\n\n\n<p>OPCION 2 CERT. ETICA: <br>Enviar mail a: <\/p>\n\n\n\n<p>eticospba@gmail.com<br>Solicito Certificado de \u00e9tica<br>Apellido y Nombre<br>DNI<br>Fecha de Nacimiento<br>Numero de Matricula<br>Copia de DNI, Copia de Matricula<\/p>\n\n\n\n<p><a href=\"https:\/\/abc.gob.ar\/secretarias\/sites\/default\/files\/2026-02\/SALUD%20Poliza_16_2131101_0.pdf\">SEGURO COPRET 2026<\/a><\/p>\n\n\n\n<p><a href=\"https:\/\/drive.google.com\/file\/d\/1nPzSLXmPTJpubaAAvJ0TIKeFOxLRZ241\/view?usp=drive_link\">CIRCUITO ADMINISTRATIVO COPRET<\/a><\/p>\n\n\n\n<p><a href=\"https:\/\/www.bidi.la\/inet\">BIBLIOTECA INET<\/a><\/p>\n\n\n\n<p><\/p>\n\n\n\n<p><a href=\"https:\/\/pronafe.inet.edu.ar\/\">PROGRAMA NACIONAL DE ENFERMER\u00cdA<\/a><\/p>\n\n\n\n<p>2026- <a href=\"https:\/\/docs.google.com\/document\/d\/1NGmpwOiKUts5wiFgkNreoPjD8dN03ZEOlBXkpPgmjkk\/edit?usp=sharing\">DISPOSICIONES DE PRACTICA PROFESIONAL<\/a><\/p>\n\n\n\n<p><a href=\"https:\/\/docs.google.com\/document\/d\/1AbPDfVZJZ65z2h4sIIjY2ef1r6JEjyTF\/edit?usp=sharing&amp;ouid=110884923402001790349&amp;rtpof=true&amp;sd=true\">CARGA HORARIA PARA TRAER IMPRESA<\/a><\/p>\n\n\n\n<p><\/p>\n\n\n\n<div class=\"wp-block-file\"><object class=\"wp-block-file__embed\" data=\"https:\/\/isfdyt93-bue.infd.edu.ar\/sitio\/wp-content\/uploads\/2024\/10\/enfermeria_logo.pdf\" type=\"application\/pdf\" style=\"width:100%;height:600px\" aria-label=\"Incrustado de enfermeria_logo.\"><\/object><a id=\"wp-block-file--media-5277c00a-e1bb-4369-8617-89ae3a775cf0\" href=\"https:\/\/isfdyt93-bue.infd.edu.ar\/sitio\/wp-content\/uploads\/2024\/10\/enfermeria_logo.pdf\">enfermeria_logo<\/a><a href=\"https:\/\/isfdyt93-bue.infd.edu.ar\/sitio\/wp-content\/uploads\/2024\/10\/enfermeria_logo.pdf\" class=\"wp-block-file__button wp-element-button\" download aria-describedby=\"wp-block-file--media-5277c00a-e1bb-4369-8617-89ae3a775cf0\">Descarga<\/a><\/div>\n","protected":false},"excerpt":{"rendered":"<p>Verifica si ya est\u00e1 listo tu t\u00edtulo, solo con tu DNI haciendo click aqui, Si el sistema te indica que est\u00e1 listo el tr\u00e1mite: DEJA TUS DATOS PARA TRAMITAR TU TITULO,y acercate al instituto. Registro de T\u00edtulos y Legalizaciones: Calle 13 N\u00b0 1166, entre 56 y 57, La Plata, Provincia de&nbsp; Buenos Aires. Tel. (0221) &#8230; <a title=\"Enfermer\u00eda\" class=\"read-more\" href=\"https:\/\/isfdyt93-bue.infd.edu.ar\/sitio\/exclusivo-enfermeria\/\" aria-label=\"More on Enfermer\u00eda\">[+]<\/a><\/p>\n","protected":false},"author":10,"featured_media":0,"parent":0,"menu_order":0,"comment_status":"closed","ping_status":"closed","template":"","meta":[],"acf":[],"_links":{"self":[{"href":"https:\/\/isfdyt93-bue.infd.edu.ar\/sitio\/wp-json\/wp\/v2\/pages\/3033"}],"collection":[{"href":"https:\/\/isfdyt93-bue.infd.edu.ar\/sitio\/wp-json\/wp\/v2\/pages"}],"about":[{"href":"https:\/\/isfdyt93-bue.infd.edu.ar\/sitio\/wp-json\/wp\/v2\/types\/page"}],"author":[{"embeddable":true,"href":"https:\/\/isfdyt93-bue.infd.edu.ar\/sitio\/wp-json\/wp\/v2\/users\/10"}],"replies":[{"embeddable":true,"href":"https:\/\/isfdyt93-bue.infd.edu.ar\/sitio\/wp-json\/wp\/v2\/comments?post=3033"}],"version-history":[{"count":26,"href":"https:\/\/isfdyt93-bue.infd.edu.ar\/sitio\/wp-json\/wp\/v2\/pages\/3033\/revisions"}],"predecessor-version":[{"id":3665,"href":"https:\/\/isfdyt93-bue.infd.edu.ar\/sitio\/wp-json\/wp\/v2\/pages\/3033\/revisions\/3665"}],"wp:attachment":[{"href":"https:\/\/isfdyt93-bue.infd.edu.ar\/sitio\/wp-json\/wp\/v2\/media?parent=3033"}],"curies":[{"name":"wp","href":"https:\/\/api.w.org\/{rel}","templated":true}]}}