{"id":3287,"date":"2025-02-11T19:26:37","date_gmt":"2025-02-11T22:26:37","guid":{"rendered":"https:\/\/isfdyt93-bue.infd.edu.ar\/sitio\/?page_id=3287"},"modified":"2025-02-13T07:51:52","modified_gmt":"2025-02-13T10:51:52","slug":"mesas-febrero-marzo-2025","status":"publish","type":"page","link":"https:\/\/isfdyt93-bue.infd.edu.ar\/sitio\/mesas-febrero-marzo-2025\/","title":{"rendered":"MESAS FEBRERO\/MARZO 2025"},"content":{"rendered":"\n<pre class=\"wp-block-preformatted\"> FEBRERO\/MARZO 2025<\/pre>\n\n\n\n<p>Inscripci\u00f3n: <strong>REGULARES<\/strong> (a trav\u00e9s del link en esta p\u00e1gina): del 11\/02\/25 00:00hs  al  13\/2\/2025 a las 18.00 horas \/<strong> LIBRES<\/strong>: 14\/02\/2025 en forma presencial (En Sede y Anexo).<\/p>\n\n\n\n<p><br>Desarrollo de Mesas : del 17 Febrero al 11 de Marzo (2025)<\/p>\n\n\n\n<p><a href=\"https:\/\/isfdyt93-bue.infd.edu.ar\/sitio\/procedimiento-de-examen-final\/\">Si tenes dudas.. consult\u00e1 ac\u00e1<\/a><\/p>\n\n\n\n<p><\/p>\n\n\n\n<p>MESA: <a href=\"https:\/\/docs.google.com\/spreadsheets\/d\/1ECXsvvGfIN4vYAxOhYBHHVfnFIyU3O5sgkHwj1TmElc\/edit?usp=sharing\">TURISMO R 2684\/20<\/a>     INSCRIPCI\u00d3N: <a href=\"https:\/\/forms.gle\/DPsB8pAmgNEWjKjcA\">LINK   <\/a><\/p>\n\n\n\n<p>MESA: <a href=\"https:\/\/docs.google.com\/spreadsheets\/d\/1kPjIw-8R1KNH11wAUA6Lqc3Wvq1m948VjcAk45GUvwI\/edit?usp=sharing\">TURISMO R 279\/03<\/a>     INSCRIPCI\u00d3N: LINK   <\/p>\n\n\n\n<p>MESA: <a href=\"https:\/\/docs.google.com\/spreadsheets\/d\/13vbRRGQUaKGBpX5hftAYI25akB09kXNCq5hFHHNSod4\/edit?usp=sharing\">ADM P\u00daBLICA R 457\/23<\/a>    INSCRIPCI\u00d3N: <a href=\"https:\/\/forms.gle\/UpAGDQ7fiwLvkpA67\">LINK   <\/a><\/p>\n\n\n\n<p>MESA: <a href=\"https:\/\/docs.google.com\/spreadsheets\/d\/1w6XH5ytduRN_Ntw6crmEvAo7docnVK7tYHCMRwDsrn0\/edit?usp=sharing\">ADM P\u00daBLICA R 08\/09<\/a>     INSCRIPCI\u00d3N: <a href=\"https:\/\/forms.gle\/mDHn4NzK7mCDLpCBA\">LINK   <\/a><\/p>\n\n\n\n<p>MESA: <a href=\"https:\/\/docs.google.com\/spreadsheets\/d\/1FXlgUjdJLjI0oy6R-926mgSHHBG2XBCiywc6_uHPyWQ\/edit?usp=sharing\">PROGRAMADOR R 6175\/03<\/a>     INSCRIPCI\u00d3N: <a href=\"https:\/\/forms.gle\/NtBEPrsw3SyqSwHf9\" data-type=\"URL\" data-id=\"https:\/\/forms.gle\/NtBEPrsw3SyqSwHf9\">LINK   <\/a><\/p>\n\n\n\n<p>MESA: <a href=\"https:\/\/docs.google.com\/spreadsheets\/d\/1TaosfFlLI66V__zEjQQ9ndQaoJMMhhGah8XHQvDwGN8\/edit?usp=sharing\">MARKETING R 5834\/03<\/a>     INSCRIPCI\u00d3N: <a href=\"https:\/\/forms.gle\/Lut3rrL3d3qXLnQZ8\">LINK   <\/a><\/p>\n\n\n\n<p>MESA: <a href=\"https:\/\/docs.google.com\/spreadsheets\/d\/1EYa0nRzGF-jdm9D3tPm_8XyT3KIud0K9NSTFb7V-ZdE\/edit?usp=drive_link\">ENFERMER\u00cdA R 854\/16<\/a>   INSCRIPCI\u00d3N: <a href=\"https:\/\/docs.google.com\/forms\/d\/e\/1FAIpQLSddgWp1lF5ROdk4lvqMHySy5PvtOLudEz5TcX-VQa3n_LY9Gw\/viewform\">LINK   <\/a><\/p>\n\n\n\n<p>MESA: <a href=\"https:\/\/docs.google.com\/spreadsheets\/d\/1pRef9k_uZW1oDZFIEimxj0MlN5iv-XJpiXxRNYyb8oY\/edit?usp=sharing\">CONTABLE R 455\/23<\/a>     INSCRIPCI\u00d3N: <a href=\"https:\/\/forms.gle\/JphdQ6pq24gxXGTL9\">LINK   <\/a><\/p>\n\n\n\n<p>MESA: <a href=\"https:\/\/docs.google.com\/spreadsheets\/d\/10XRH9irRxDrVppJH3-uW56eZezfXmuUCYnHaKdwsDQk\/edit?usp=sharing\">CONTABLE R 273\/03<\/a>     INSCRIPCI\u00d3N: <a href=\"https:\/\/forms.gle\/RztjbnZZ9r4GvbkLA\">LINK   <\/a><\/p>\n\n\n\n<p><\/p>\n\n\n\n<p><\/p>\n\n\n\n<p><\/p>\n\n\n\n<p><\/p>\n\n\n\n<p><\/p>\n","protected":false},"excerpt":{"rendered":"<p>FEBRERO\/MARZO 2025 Inscripci\u00f3n: REGULARES (a trav\u00e9s del link en esta p\u00e1gina): del 11\/02\/25 00:00hs al 13\/2\/2025 a las 18.00 horas \/ LIBRES: 14\/02\/2025 en forma presencial (En Sede y Anexo). Desarrollo de Mesas : del 17 Febrero al 11 de Marzo (2025) Si tenes dudas.. consult\u00e1 ac\u00e1 MESA: TURISMO R 2684\/20 INSCRIPCI\u00d3N: LINK MESA: TURISMO &#8230; <a title=\"MESAS FEBRERO\/MARZO 2025\" class=\"read-more\" href=\"https:\/\/isfdyt93-bue.infd.edu.ar\/sitio\/mesas-febrero-marzo-2025\/\" aria-label=\"More on MESAS FEBRERO\/MARZO 2025\">[+]<\/a><\/p>\n","protected":false},"author":10,"featured_media":0,"parent":0,"menu_order":0,"comment_status":"closed","ping_status":"closed","template":"","meta":[],"acf":[],"_links":{"self":[{"href":"https:\/\/isfdyt93-bue.infd.edu.ar\/sitio\/wp-json\/wp\/v2\/pages\/3287"}],"collection":[{"href":"https:\/\/isfdyt93-bue.infd.edu.ar\/sitio\/wp-json\/wp\/v2\/pages"}],"about":[{"href":"https:\/\/isfdyt93-bue.infd.edu.ar\/sitio\/wp-json\/wp\/v2\/types\/page"}],"author":[{"embeddable":true,"href":"https:\/\/isfdyt93-bue.infd.edu.ar\/sitio\/wp-json\/wp\/v2\/users\/10"}],"replies":[{"embeddable":true,"href":"https:\/\/isfdyt93-bue.infd.edu.ar\/sitio\/wp-json\/wp\/v2\/comments?post=3287"}],"version-history":[{"count":6,"href":"https:\/\/isfdyt93-bue.infd.edu.ar\/sitio\/wp-json\/wp\/v2\/pages\/3287\/revisions"}],"predecessor-version":[{"id":3297,"href":"https:\/\/isfdyt93-bue.infd.edu.ar\/sitio\/wp-json\/wp\/v2\/pages\/3287\/revisions\/3297"}],"wp:attachment":[{"href":"https:\/\/isfdyt93-bue.infd.edu.ar\/sitio\/wp-json\/wp\/v2\/media?parent=3287"}],"curies":[{"name":"wp","href":"https:\/\/api.w.org\/{rel}","templated":true}]}}