{"id":3573,"date":"2025-11-28T21:52:55","date_gmt":"2025-11-29T00:52:55","guid":{"rendered":"https:\/\/isfdyt93-bue.infd.edu.ar\/sitio\/?page_id=3573"},"modified":"2025-11-28T21:57:25","modified_gmt":"2025-11-29T00:57:25","slug":"3-etapa-confirmacion","status":"publish","type":"page","link":"https:\/\/isfdyt93-bue.infd.edu.ar\/sitio\/3-etapa-confirmacion\/","title":{"rendered":"3\u00b0 ETAPA &#8211; Confirmaci\u00f3n"},"content":{"rendered":"\n<p><\/p>\n\n\n\n<p>&#x1f4cc; Cuando te citemos y hayas completado el Legajo Acad\u00e9mico:<\/p>\n\n\n\n<p>&#x1f4f2; Escane\u00e1 el QR en Preceptor\u00eda<br>&#x2705; Confirm\u00e1s&nbsp;tu&nbsp;inscripci\u00f3n<\/p>\n","protected":false},"excerpt":{"rendered":"<p>&#x1f4cc; Cuando te citemos y hayas completado el Legajo Acad\u00e9mico: &#x1f4f2; Escane\u00e1 el QR en Preceptor\u00eda&#x2705; Confirm\u00e1s&nbsp;tu&nbsp;inscripci\u00f3n<\/p>\n","protected":false},"author":10,"featured_media":0,"parent":0,"menu_order":0,"comment_status":"closed","ping_status":"closed","template":"","meta":[],"acf":[],"_links":{"self":[{"href":"https:\/\/isfdyt93-bue.infd.edu.ar\/sitio\/wp-json\/wp\/v2\/pages\/3573"}],"collection":[{"href":"https:\/\/isfdyt93-bue.infd.edu.ar\/sitio\/wp-json\/wp\/v2\/pages"}],"about":[{"href":"https:\/\/isfdyt93-bue.infd.edu.ar\/sitio\/wp-json\/wp\/v2\/types\/page"}],"author":[{"embeddable":true,"href":"https:\/\/isfdyt93-bue.infd.edu.ar\/sitio\/wp-json\/wp\/v2\/users\/10"}],"replies":[{"embeddable":true,"href":"https:\/\/isfdyt93-bue.infd.edu.ar\/sitio\/wp-json\/wp\/v2\/comments?post=3573"}],"version-history":[{"count":2,"href":"https:\/\/isfdyt93-bue.infd.edu.ar\/sitio\/wp-json\/wp\/v2\/pages\/3573\/revisions"}],"predecessor-version":[{"id":3576,"href":"https:\/\/isfdyt93-bue.infd.edu.ar\/sitio\/wp-json\/wp\/v2\/pages\/3573\/revisions\/3576"}],"wp:attachment":[{"href":"https:\/\/isfdyt93-bue.infd.edu.ar\/sitio\/wp-json\/wp\/v2\/media?parent=3573"}],"curies":[{"name":"wp","href":"https:\/\/api.w.org\/{rel}","templated":true}]}}