{"id":834,"date":"2018-08-29T19:02:45","date_gmt":"2018-08-29T22:02:45","guid":{"rendered":"https:\/\/isfdyt93-bue.infd.edu.ar\/sitio\/tecnicatura-superior-en-administracion-publica\/"},"modified":"2026-05-04T14:13:48","modified_gmt":"2026-05-04T17:13:48","slug":"tecnicatura-superior-en-administracion-publica","status":"publish","type":"page","link":"https:\/\/isfdyt93-bue.infd.edu.ar\/sitio\/tecnicatura-superior-en-administracion-publica\/","title":{"rendered":"Tecnicatura Superior en Administraci\u00f3n P\u00fablica"},"content":{"rendered":"<p style=\"text-align: center;\"><strong><a href=\"https:\/\/isfdyt93-bue.infd.edu.ar\/sitio\/wp-content\/uploads\/2024\/03\/ADM.-PUBLICA-IF-2023-48120939-GDEBA-DESFTDGCYE.pdf\">* RESOLUCI\u00d3N 457\/23\u00a0 \u00a0<\/a><\/strong><\/p>\n<h5 style=\"text-align: center;\"><span style=\"color: #003366;\"><strong>Los horarios de cursada son de Lunes a Viernes de 18:30 a 22:40 hs.<\/strong><\/span><\/h5>\n<p><img decoding=\"async\" loading=\"lazy\" class=\"wp-image-1122 size-full aligncenter\" src=\"https:\/\/isfdyt93-bue.infd.edu.ar\/sitio\/wp-content\/uploads\/2019\/10\/WPUB.jpeg\" alt=\"\" width=\"744\" height=\"744\" srcset=\"https:\/\/isfdyt93-bue.infd.edu.ar\/sitio\/wp-content\/uploads\/2019\/10\/WPUB.jpeg 744w, https:\/\/isfdyt93-bue.infd.edu.ar\/sitio\/wp-content\/uploads\/2019\/10\/WPUB-500x500.jpeg 500w\" sizes=\"(max-width: 744px) 100vw, 744px\" \/><\/p>\n<p style=\"text-align: center;\"><strong>El\/la T\u00e9cnico\/a Superior en Administraci\u00f3n P\u00fablica tendr\u00e1 una consolidada formaci\u00f3n en \u00e1reas administrativas\u2013contables y de gesti\u00f3n, con conocimientos te\u00f3ricos y pr\u00e1cticos adecuadamente complementados de aplicaci\u00f3n en la Administraci\u00f3n p\u00fablica en sus tres estamentos de gobiernos.<\/strong><\/p>\n<p style=\"text-align: center;\"><strong>Tendr\u00e1 conocimientos de pol\u00edticas p\u00fablicas, problem\u00e1ticas socioculturales, estad\u00edsticas, nuevas tecnolog\u00edas de la informaci\u00f3n y comunicaci\u00f3n, econom\u00eda y contabilidad, que son necesarios para la aplicaci\u00f3n al quehacer en el \u00e1mbito de trabajo estatal. <\/strong><\/p>\n<p style=\"text-align: center;\"><strong>Adquirir\u00e1 una actitud anal\u00edtica y cr\u00edtica para aplicar a las actividades cotidianas y excepcionales que se planteen en el \u00e1mbito laboral estatal, reconociendo la provisionalidad del conocimiento y la necesidad de una permanente actualizaci\u00f3n.<\/strong><\/p>\n<p style=\"text-align: center;\"><strong>Tendr\u00e1 herramientas para ser usadas en la resoluci\u00f3n de problemas relativos a la administraci\u00f3n p\u00fablica. Estar\u00e1 capacitado para participar en la gesti\u00f3n del organismo teniendo en cuenta la interpretaci\u00f3n de las pol\u00edticas generales del estado, reflejadas en el plan de gobierno teniendo la posibilidad de lectura del escenario dentro del marco del estado de derecho. Participar\u00e1 en la puesta en marcha del plan de gobierno del organismo teniendo especial incumbencia en los siguientes ejes transversales: <\/strong><\/p>\n<ul>\n<li><strong> Gesti\u00f3n inter e intra organizacional promoviendo espacios de participaci\u00f3n comunitaria<\/strong><\/li>\n<li><strong> Planificaci\u00f3n, ejecuci\u00f3n y control de procesos administrativos articulando con los diferentes sectores de la organizaci\u00f3n<\/strong><\/li>\n<li><strong> Desarrollo de su capacidad de liderazgo y comunicaci\u00f3n, negociaci\u00f3n y\u00a0emprendimiento, creatividad y trabajo en equipo.<\/strong><\/li>\n<\/ul>\n<p style=\"text-align: center;\"><span style=\"color: #003366;\"><strong>Es por esto que nuestros egresados encuentran su f\u00e1cil inserci\u00f3n en el mundo laboral actual.<\/strong><\/span><\/p>\n<p style=\"text-align: center;\"><span style=\"color: #003366;\"><strong>Los esperamos!!!!<\/strong><\/span><\/p>\n","protected":false},"excerpt":{"rendered":"<p>* RESOLUCI\u00d3N 457\/23\u00a0 \u00a0 Los horarios de cursada son de Lunes a Viernes de 18:30 a 22:40 hs. El\/la T\u00e9cnico\/a Superior en Administraci\u00f3n P\u00fablica tendr\u00e1 una consolidada formaci\u00f3n en \u00e1reas administrativas\u2013contables y de gesti\u00f3n, con conocimientos te\u00f3ricos y pr\u00e1cticos adecuadamente complementados de aplicaci\u00f3n en la Administraci\u00f3n p\u00fablica en sus tres estamentos de gobiernos. Tendr\u00e1 conocimientos &#8230; <a title=\"Tecnicatura Superior en Administraci\u00f3n P\u00fablica\" class=\"read-more\" href=\"https:\/\/isfdyt93-bue.infd.edu.ar\/sitio\/tecnicatura-superior-en-administracion-publica\/\" aria-label=\"More on Tecnicatura Superior en Administraci\u00f3n P\u00fablica\">[+]<\/a><\/p>\n","protected":false},"author":102,"featured_media":0,"parent":0,"menu_order":0,"comment_status":"closed","ping_status":"closed","template":"","meta":[],"acf":[],"_links":{"self":[{"href":"https:\/\/isfdyt93-bue.infd.edu.ar\/sitio\/wp-json\/wp\/v2\/pages\/834"}],"collection":[{"href":"https:\/\/isfdyt93-bue.infd.edu.ar\/sitio\/wp-json\/wp\/v2\/pages"}],"about":[{"href":"https:\/\/isfdyt93-bue.infd.edu.ar\/sitio\/wp-json\/wp\/v2\/types\/page"}],"author":[{"embeddable":true,"href":"https:\/\/isfdyt93-bue.infd.edu.ar\/sitio\/wp-json\/wp\/v2\/users\/102"}],"replies":[{"embeddable":true,"href":"https:\/\/isfdyt93-bue.infd.edu.ar\/sitio\/wp-json\/wp\/v2\/comments?post=834"}],"version-history":[{"count":14,"href":"https:\/\/isfdyt93-bue.infd.edu.ar\/sitio\/wp-json\/wp\/v2\/pages\/834\/revisions"}],"predecessor-version":[{"id":3661,"href":"https:\/\/isfdyt93-bue.infd.edu.ar\/sitio\/wp-json\/wp\/v2\/pages\/834\/revisions\/3661"}],"wp:attachment":[{"href":"https:\/\/isfdyt93-bue.infd.edu.ar\/sitio\/wp-json\/wp\/v2\/media?parent=834"}],"curies":[{"name":"wp","href":"https:\/\/api.w.org\/{rel}","templated":true}]}}