{"id":836,"date":"2018-08-29T19:02:45","date_gmt":"2018-08-29T22:02:45","guid":{"rendered":"https:\/\/isfdyt93-bue.infd.edu.ar\/sitio\/tecnicatura-superior-en-guia-de-turismo\/"},"modified":"2024-04-15T20:28:31","modified_gmt":"2024-04-15T23:28:31","slug":"tecnicatura-superior-en-guia-de-turismo","status":"publish","type":"page","link":"https:\/\/isfdyt93-bue.infd.edu.ar\/sitio\/tecnicatura-superior-en-guia-de-turismo\/","title":{"rendered":"Tecnicatura Superior en Gu\u00eda de Turismo"},"content":{"rendered":"<p style=\"text-align: center;\"><strong><br \/>\n<a href=\"https:\/\/isfdyt93-bue.infd.edu.ar\/sitio\/wp-content\/uploads\/2023\/04\/Guia-de-Turismo-Res-2684-20-Anexo.pdf\">* RESOLUCI\u00d3N 2684\/20 (actual)\u00a0<\/a><br \/>\n<\/strong><\/p>\n<p style=\"text-align: center;\"><a href=\"https:\/\/isfdyt93-bue.infd.edu.ar\/sitio\/wp-content\/uploads\/2021\/09\/DI-12-2021-INCORPORAR-AL-INSTITUTO-SUPERIOR-DE-FORMACION-DOCENTE-Y-TECNICA-N-93-AL-REGISTRO-DE-INSTITUCIONES-DE-FORMACIO\u0301N-DE-GUI\u0301AS..pdf\">DI 12-2021- ISFDYT 93 &#8211;\u00a0 GUIAS DE PARQUES NACIONALES<\/a><\/p>\n<h5 style=\"text-align: center;\"><span style=\"color: #003366;\"><strong>Los horarios de cursada son de Lunes a Viernes de 18:30 a 22:40 hs.<\/strong><\/span><\/h5>\n<p><img decoding=\"async\" loading=\"lazy\" class=\"wp-image-1124 size-full aligncenter\" src=\"https:\/\/isfdyt93-bue.infd.edu.ar\/sitio\/wp-content\/uploads\/2019\/10\/WTUR.jpeg\" alt=\"\" width=\"744\" height=\"744\" srcset=\"https:\/\/isfdyt93-bue.infd.edu.ar\/sitio\/wp-content\/uploads\/2019\/10\/WTUR.jpeg 744w, https:\/\/isfdyt93-bue.infd.edu.ar\/sitio\/wp-content\/uploads\/2019\/10\/WTUR-500x500.jpeg 500w\" sizes=\"(max-width: 744px) 100vw, 744px\" \/><\/p>\n<p style=\"text-align: center;\"><strong>El\/la Gu\u00eda de Turismo estar\u00e1 capacitado para trabajar a nivel local, regional e internacional actuando en diferentes niveles en el proceso de investigaci\u00f3n, servucci\u00f3n, difusi\u00f3n, distribuci\u00f3n y prestaci\u00f3n de servicios para el tiempo libre que den respuesta a las necesidades de los visitantes, mediante un aprovechamiento integral de los recursos naturales y culturales. Se lo define como un profesional id\u00f3neo para interpretar y transmitir las variables temporales y espaciales del medio que\u00a0 lo rodea como conocedor del patrimonio natural y cultural y transmisor de informaci\u00f3n correspondiente. As\u00ed como l\u00edder situacional respondiendo a las necesidades conductuales y comportamentales inherentes a los grupos, a trav\u00e9s la utilizaci\u00f3n de las t\u00e9cnicas de animaci\u00f3n y recreaci\u00f3n y comunicaci\u00f3n que le competen. \u00c9ste deber\u00e1 asumir la responsabilidad por la intermediaci\u00f3n de los servicios tur\u00edsticos respondiendo a la figura del organizador por la que fueron contratados sus servicios profesionales.<\/strong><\/p>\n<p style=\"text-align: center;\"><span style=\"color: #003366;\"><strong>Es por esto que nuestros egresados encuentran su f\u00e1cil inserci\u00f3n en el mundo laboral actual.<\/strong><\/span><\/p>\n<p style=\"text-align: center;\"><span style=\"color: #003366;\"><strong>Los esperamos!!!!<\/strong><\/span><\/p>\n","protected":false},"excerpt":{"rendered":"<p>* RESOLUCI\u00d3N 2684\/20 (actual)\u00a0 DI 12-2021- ISFDYT 93 &#8211;\u00a0 GUIAS DE PARQUES NACIONALES Los horarios de cursada son de Lunes a Viernes de 18:30 a 22:40 hs. El\/la Gu\u00eda de Turismo estar\u00e1 capacitado para trabajar a nivel local, regional e internacional actuando en diferentes niveles en el proceso de investigaci\u00f3n, servucci\u00f3n, difusi\u00f3n, distribuci\u00f3n y prestaci\u00f3n &#8230; <a title=\"Tecnicatura Superior en Gu\u00eda de Turismo\" class=\"read-more\" href=\"https:\/\/isfdyt93-bue.infd.edu.ar\/sitio\/tecnicatura-superior-en-guia-de-turismo\/\" aria-label=\"More on Tecnicatura Superior en Gu\u00eda de Turismo\">[+]<\/a><\/p>\n","protected":false},"author":102,"featured_media":0,"parent":0,"menu_order":0,"comment_status":"closed","ping_status":"closed","template":"","meta":[],"acf":[],"_links":{"self":[{"href":"https:\/\/isfdyt93-bue.infd.edu.ar\/sitio\/wp-json\/wp\/v2\/pages\/836"}],"collection":[{"href":"https:\/\/isfdyt93-bue.infd.edu.ar\/sitio\/wp-json\/wp\/v2\/pages"}],"about":[{"href":"https:\/\/isfdyt93-bue.infd.edu.ar\/sitio\/wp-json\/wp\/v2\/types\/page"}],"author":[{"embeddable":true,"href":"https:\/\/isfdyt93-bue.infd.edu.ar\/sitio\/wp-json\/wp\/v2\/users\/102"}],"replies":[{"embeddable":true,"href":"https:\/\/isfdyt93-bue.infd.edu.ar\/sitio\/wp-json\/wp\/v2\/comments?post=836"}],"version-history":[{"count":15,"href":"https:\/\/isfdyt93-bue.infd.edu.ar\/sitio\/wp-json\/wp\/v2\/pages\/836\/revisions"}],"predecessor-version":[{"id":3062,"href":"https:\/\/isfdyt93-bue.infd.edu.ar\/sitio\/wp-json\/wp\/v2\/pages\/836\/revisions\/3062"}],"wp:attachment":[{"href":"https:\/\/isfdyt93-bue.infd.edu.ar\/sitio\/wp-json\/wp\/v2\/media?parent=836"}],"curies":[{"name":"wp","href":"https:\/\/api.w.org\/{rel}","templated":true}]}}