{"id":867,"date":"2018-08-29T19:02:57","date_gmt":"2018-08-29T22:02:57","guid":{"rendered":"https:\/\/isfdyt93-bue.infd.edu.ar\/sitio\/materias\/"},"modified":"2026-04-08T00:16:32","modified_gmt":"2026-04-08T03:16:32","slug":"inscribite","status":"publish","type":"page","link":"https:\/\/isfdyt93-bue.infd.edu.ar\/sitio\/inscribite\/","title":{"rendered":"REQUISITOS de inscripci\u00f3n 1\u00b0 a\u00f1o 2026"},"content":{"rendered":"<p><strong>1\u00ba ETAPA<\/strong>\u00a0\u2013 PRE-INSCRIPCI\u00d3N 2026&#x1f449;\u00a0<a href=\"https:\/\/forms.gle\/QJ25XL79rJMsJGhz7\">Aqui<\/a><\/p>\n<ul>\n<li>\n<pre>Complet\u00e1 la pre-inscripci\u00f3n seleccionando la carrera de tu inter\u00e9s.<\/pre>\n<\/li>\n<li>\n<pre>La pre-inscripci\u00f3n no asegura la vacante.<\/pre>\n<\/li>\n<li>\n<pre>El instituto confirmar\u00e1\u00a0<u><strong>por mail<\/strong><\/u>\u00a0a quienes pasen a la inscripci\u00f3n formal, seg\u00fan el cupo de cada carrera.<\/pre>\n<\/li>\n<\/ul>\n\n\n<p><\/p>\n\n\n\n<p><\/p>\n","protected":false},"excerpt":{"rendered":"<p>1\u00ba ETAPA\u00a0\u2013 PRE-INSCRIPCI\u00d3N 2026&#x1f449;\u00a0Aqui Complet\u00e1 la pre-inscripci\u00f3n seleccionando la carrera de tu inter\u00e9s. La pre-inscripci\u00f3n no asegura la vacante. El instituto confirmar\u00e1\u00a0por mail\u00a0a quienes pasen a la inscripci\u00f3n formal, seg\u00fan el cupo de cada carrera.<\/p>\n","protected":false},"author":102,"featured_media":0,"parent":0,"menu_order":0,"comment_status":"closed","ping_status":"closed","template":"","meta":[],"acf":[],"_links":{"self":[{"href":"https:\/\/isfdyt93-bue.infd.edu.ar\/sitio\/wp-json\/wp\/v2\/pages\/867"}],"collection":[{"href":"https:\/\/isfdyt93-bue.infd.edu.ar\/sitio\/wp-json\/wp\/v2\/pages"}],"about":[{"href":"https:\/\/isfdyt93-bue.infd.edu.ar\/sitio\/wp-json\/wp\/v2\/types\/page"}],"author":[{"embeddable":true,"href":"https:\/\/isfdyt93-bue.infd.edu.ar\/sitio\/wp-json\/wp\/v2\/users\/102"}],"replies":[{"embeddable":true,"href":"https:\/\/isfdyt93-bue.infd.edu.ar\/sitio\/wp-json\/wp\/v2\/comments?post=867"}],"version-history":[{"count":136,"href":"https:\/\/isfdyt93-bue.infd.edu.ar\/sitio\/wp-json\/wp\/v2\/pages\/867\/revisions"}],"predecessor-version":[{"id":3656,"href":"https:\/\/isfdyt93-bue.infd.edu.ar\/sitio\/wp-json\/wp\/v2\/pages\/867\/revisions\/3656"}],"wp:attachment":[{"href":"https:\/\/isfdyt93-bue.infd.edu.ar\/sitio\/wp-json\/wp\/v2\/media?parent=867"}],"curies":[{"name":"wp","href":"https:\/\/api.w.org\/{rel}","templated":true}]}}